{"id":26,"date":"2018-11-14T08:44:26","date_gmt":"2018-11-14T08:44:26","guid":{"rendered":"https:\/\/demo.gloriathemes.com\/eventchamp\/demo\/?page_id=26"},"modified":"2022-12-20T14:43:17","modified_gmt":"2022-12-20T21:43:17","slug":"home-multiple-v4","status":"publish","type":"page","link":"https:\/\/francomusik.ca\/en\/","title":{"rendered":"Home &#8211; Multiple v4"},"content":{"rendered":"<div data-vc-full-width=\"true\" data-vc-full-width-init=\"false\" class=\"vc_row wpb_row vc_row-fluid vc_custom_1671572491529 gt-background-position-initial gt-background-attachment-initial gt-overflow-hidden gt-text-default\"><div class=\"wpb_column vc_column_container vc_col-sm-12\"><div class=\"vc_column-inner vc_custom_1655674769894\"><div class=\"wpb_wrapper\">\n\t<div class=\"wpb_text_column wpb_content_element  vc_custom_1655686673332\" >\n\t\t<div class=\"wpb_wrapper\">\n\t\t\t\n\t\t\t<!-- START Ecran d accueil REVOLUTION SLIDER 6.5.25 --><p class=\"rs-p-wp-fix\"><\/p>\n\t\t\t<rs-module-wrap id=\"rev_slider_3_1_wrapper\" data-source=\"gallery\" style=\"visibility:hidden;background:transparent;padding:0;margin:0px auto;margin-top:0;margin-bottom:0;\">\n\t\t\t\t<rs-module id=\"rev_slider_3_1\" style=\"\" data-version=\"6.5.25\">\n\t\t\t\t\t<rs-slides>\n\t\t\t\t\t\t<rs-slide style=\"position: absolute;\" data-key=\"rs-3\" data-title=\"Slide\" data-in=\"o:0;\" data-out=\"a:false;\">\n\t\t\t\t\t\t\t<img decoding=\"async\" src=\"\/\/francomusik.ca\/wp-content\/plugins\/revslider\/public\/assets\/assets\/dummy.png\" alt=\"Slide\" title=\"Home &#8211; Multiple v4\" class=\"rev-slidebg tp-rs-img rs-lazyload\" data-lazyload=\"\/\/francomusik.ca\/wp-content\/plugins\/revslider\/public\/assets\/assets\/transparent.png\" data-no-retina>\n<!--\n\t\t\t\t\t\t\t--><rs-layer\n\t\t\t\t\t\t\t\tid=\"slider-3-slide-3-layer-0\" \n\t\t\t\t\t\t\t\tclass=\"rs-nolc rs-layer-video intrinsic-ignore\"\n\t\t\t\t\t\t\t\tdata-type=\"video\"\n\t\t\t\t\t\t\t\tdata-rsp_ch=\"on\"\n\t\t\t\t\t\t\t\tdata-xy=\"x:c;\"\n\t\t\t\t\t\t\t\tdata-text=\"w:normal;\"\n\t\t\t\t\t\t\t\tdata-dim=\"w:1476px;h:830px;\"\n\t\t\t\t\t\t\t\tdata-video=\"vfc:true;vd:100;rwd:f;l:true;ptimer:false;nse:f;sav:f;afs:f;\"\n\t\t\t\t\t\t\t\tdata-mp4=\"\/\/www.francomusik.ca\/wp-content\/uploads\/2022\/06\/My-Movie.mp4\"\n\t\t\t\t\t\t\t\tdata-frame_999=\"o:0;st:w;\"\n\t\t\t\t\t\t\t\tstyle=\"z-index:5;\"\n\t\t\t\t\t\t\t>\n\t\t\t\t\t\t\t<\/rs-layer><!--\n\n\t\t\t\t\t\t\t--><rs-layer\n\t\t\t\t\t\t\t\tid=\"slider-3-slide-3-layer-1\" \n\t\t\t\t\t\t\t\tdata-type=\"text\"\n\t\t\t\t\t\t\t\tdata-color=\"#fff\"\n\t\t\t\t\t\t\t\tdata-rsp_ch=\"on\"\n\t\t\t\t\t\t\t\tdata-xy=\"x:168px;y:182px;\"\n\t\t\t\t\t\t\t\tdata-text=\"w:normal;s:80;l:106;ls:2px;fw:700;a:center;\"\n\t\t\t\t\t\t\t\tdata-dim=\"w:942px;minh:0px;\"\n\t\t\t\t\t\t\t\tdata-frame_999=\"o:0;st:w;\"\n\t\t\t\t\t\t\t\tstyle=\"z-index:6;font-family:'Lato';\"\n\t\t\t\t\t\t\t>FrancoMusik Alberta \n\t\t\t\t\t\t\t<\/rs-layer><!--\n\n\t\t\t\t\t\t\t--><rs-layer\n\t\t\t\t\t\t\t\tid=\"slider-3-slide-3-layer-2\" \n\t\t\t\t\t\t\t\tdata-type=\"text\"\n\t\t\t\t\t\t\t\tdata-color=\"#fff\"\n\t\t\t\t\t\t\t\tdata-rsp_ch=\"on\"\n\t\t\t\t\t\t\t\tdata-xy=\"x:39px;y:342px;\"\n\t\t\t\t\t\t\t\tdata-text=\"w:normal;s:20;l:24;ls:2;a:center;\"\n\t\t\t\t\t\t\t\tdata-dim=\"w:1170px;minh:0px;\"\n\t\t\t\t\t\t\t\tdata-frame_999=\"o:0;st:w;\"\n\t\t\t\t\t\t\t\tstyle=\"z-index:7;font-family:'Poppins';font-style:italic;\"\n\t\t\t\t\t\t\t>Un organisme \u00e0 but non-lucratif bas\u00e9 \u00e0 Edmonton (Alberta, Canada), qui dessert la francophonie albertaine ainsi que les artistes de musique professionnels francophones de l\u2019Alberta, \u00e0 travers des \u00e9v\u00e8nements et des projets communautaires participatifs. \n\t\t\t\t\t\t\t<\/rs-layer><!--\n\n\t\t\t\t\t\t\t--><a\n\t\t\t\t\t\t\t\tid=\"slider-3-slide-3-layer-3\" \n\t\t\t\t\t\t\t\tclass=\"rs-layer rev-btn\"\n\t\t\t\t\t\t\t\thref=\"https:\/\/www.francomusik.ca\/qui-sommes-nous\/\" target=\"_blank\" rel=\"noopener\"\n\t\t\t\t\t\t\t\tdata-type=\"button\"\n\t\t\t\t\t\t\t\tdata-color=\"#000000\"\n\t\t\t\t\t\t\t\tdata-rsp_ch=\"on\"\n\t\t\t\t\t\t\t\tdata-xy=\"x:c;xo:20px;y:478px;\"\n\t\t\t\t\t\t\t\tdata-text=\"w:normal;s:23;l:58;fw:500;a:center;\"\n\t\t\t\t\t\t\t\tdata-dim=\"h:61;minh:0;\"\n\t\t\t\t\t\t\t\tdata-padding=\"r:31;l:31;\"\n\t\t\t\t\t\t\t\tdata-border=\"bor:16px,16px,16px,16px;\"\n\t\t\t\t\t\t\t\tdata-frame_999=\"o:0;st:w;\"\n\t\t\t\t\t\t\t\tdata-frame_hover=\"c:#fff;bgc:#000;bor:16px,16px,16px,16px;\"\n\t\t\t\t\t\t\t\tstyle=\"z-index:8;background-color:rgba(255,255,255,1);font-family:'Roboto';\"\n\t\t\t\t\t\t\t>Qui sommes-nous ? \n\t\t\t\t\t\t\t<\/a><!--\n\n\t\t\t\t\t\t\t--><rs-layer\n\t\t\t\t\t\t\t\tid=\"slider-3-slide-3-layer-4\" \n\t\t\t\t\t\t\t\tdata-type=\"text\"\n\t\t\t\t\t\t\t\tdata-color=\"#fff\"\n\t\t\t\t\t\t\t\tdata-rsp_ch=\"on\"\n\t\t\t\t\t\t\t\tdata-xy=\"x:113px;y:415px;\"\n\t\t\t\t\t\t\t\tdata-text=\"w:normal;s:36;l:40;ls:1;fw:500;\"\n\t\t\t\t\t\t\t\tdata-dim=\"minh:0px;\"\n\t\t\t\t\t\t\t\tdata-vbility=\"f,f,f,f\"\n\t\t\t\t\t\t\t\tdata-frame_999=\"o:0;st:w;\"\n\t\t\t\t\t\t\t\tstyle=\"z-index:9;font-family:'Roboto';\"\n\t\t\t\t\t\t\t>Tous les jeudis soirs du 15 septembre au 3 novembre 2022 \n\t\t\t\t\t\t\t<\/rs-layer><!--\n-->\t\t\t\t\t\t<\/rs-slide>\n\t\t\t\t\t<\/rs-slides>\n\t\t\t\t<\/rs-module>\n\t\t\t\t<script>\n\t\t\t\t\tsetREVStartSize({c: 'rev_slider_3_1',rl:[1240,1024,778,480],el:[900],gw:[1240],gh:[900],type:'standard',justify:'',layout:'fullwidth',mh:\"0\"});if (window.RS_MODULES!==undefined && window.RS_MODULES.modules!==undefined && window.RS_MODULES.modules[\"revslider31\"]!==undefined) {window.RS_MODULES.modules[\"revslider31\"].once = false;window.revapi3 = undefined;if (window.RS_MODULES.checkMinimal!==undefined) window.RS_MODULES.checkMinimal()}\n\t\t\t\t<\/script>\n\t\t\t<\/rs-module-wrap>\n\t\t\t<!-- END REVOLUTION SLIDER -->\n\n\n\t\t<\/div>\n\t<\/div>\n<div class=\"vc_empty_space\"   style=\"height: 32px\"><span class=\"vc_empty_space_inner\"><\/span><\/div><\/div><\/div><\/div><\/div><div class=\"vc_row-full-width vc_clearfix\"><\/div><div data-vc-full-width=\"true\" data-vc-full-width-init=\"false\" class=\"vc_row wpb_row vc_row-fluid vc_custom_1625890356852 vc_row-has-fill gt-background-position-center-center gt-background-attachment-fixed gt-overflow-visible gt-text-default\"><div class=\"wpb_column vc_column_container vc_col-sm-12\"><div class=\"vc_column-inner\"><div class=\"wpb_wrapper\"><div class=\"gt-heading gt-white gt-size1 gt-align-center\"><div class=\"gt-title\">D\u00e9couvrez <span>les artistes<\/span><\/div><\/div><div class=\"gt-heading gt-white gt-size1 gt-align-center\"><div class=\"gt-title\"><span>francophones de l&#039;Alberta<\/span><\/div><\/div><div class=\"vc_empty_space\"   style=\"height: 60px\"><span class=\"vc_empty_space_inner\"><\/span><\/div>\n<div class=\"vc_grid-container-wrapper vc_clearfix vc_grid-animation-fadeIn\">\n\t<div class=\"vc_grid-container vc_clearfix wpb_content_element vc_basic_grid\" data-initial-loading-animation=\"fadeIn\" data-vc-grid-settings=\"{&quot;page_id&quot;:26,&quot;style&quot;:&quot;pagination&quot;,&quot;action&quot;:&quot;vc_get_vc_grid_data&quot;,&quot;shortcode_id&quot;:&quot;1671572556636-d373edb1-de33-2&quot;,&quot;items_per_page&quot;:&quot;4&quot;,&quot;auto_play&quot;:true,&quot;gap&quot;:30,&quot;speed&quot;:4000,&quot;loop&quot;:&quot;yes&quot;,&quot;animation_in&quot;:&quot;&quot;,&quot;animation_out&quot;:&quot;&quot;,&quot;arrows_design&quot;:&quot;none&quot;,&quot;arrows_color&quot;:&quot;blue&quot;,&quot;arrows_position&quot;:&quot;inside&quot;,&quot;paging_design&quot;:&quot;radio_dots&quot;,&quot;paging_color&quot;:&quot;orange&quot;,&quot;tag&quot;:&quot;vc_basic_grid&quot;}\" data-vc-request=\"https:\/\/francomusik.ca\/wp-admin\/admin-ajax.php\" data-vc-post-id=\"26\" data-vc-public-nonce=\"acbe3d66aa\">\n\t\t\n\t<\/div>\n<\/div><div class=\"vc_empty_space\"   style=\"height: 30px\"><span class=\"vc_empty_space_inner\"><\/span><\/div><div class=\"vc_btn3-container vc_btn3-center\" ><a class=\"vc_general vc_btn3 vc_btn3-size-sm vc_btn3-shape-rounded vc_btn3-style-modern vc_btn3-color-orange\" href=\"https:\/\/www.francomusik.ca\/artistes\/\" title=\"(no title)\">Catalogue artistes<\/a><\/div><div class=\"vc_empty_space\"   style=\"height: 30px\"><span class=\"vc_empty_space_inner\"><\/span><\/div><\/div><\/div><\/div><\/div><div class=\"vc_row-full-width vc_clearfix\"><\/div><div class=\"vc_row wpb_row vc_row-fluid gt-background-position-initial gt-background-attachment-initial gt-overflow-hidden gt-text-default\"><div class=\"wpb_column vc_column_container vc_col-sm-12\"><div class=\"vc_column-inner\"><div class=\"wpb_wrapper\"><div class=\"vc_empty_space\"   style=\"height: 30px\"><span class=\"vc_empty_space_inner\"><\/span><\/div><div class=\"gt-heading gt-dark gt-size1 gt-align-center\"><div class=\"gt-title\">Restez \u00e0 <span>l&#039;affut !<\/span><\/div><\/div><div class=\"vc_empty_space\"   style=\"height: 60px\"><span class=\"vc_empty_space_inner\"><\/span><\/div><\/div><\/div><\/div><\/div><div data-vc-full-width=\"true\" data-vc-full-width-init=\"false\" class=\"vc_row wpb_row vc_row-fluid vc_custom_1627525828071 vc_row-has-fill gt-background-position-center-center gt-background-attachment-fixed gt-overflow-hidden gt-text-default\"><div class=\"wpb_column vc_column_container vc_col-sm-9 vc_col-has-fill gt-background-position-center-center gt-background-attachment-fixed gt-text-default\"><div class=\"vc_column-inner vc_custom_1627363550602\"><div class=\"wpb_wrapper\"><div class=\"vc_empty_space\"   style=\"height: 30px\"><span class=\"vc_empty_space_inner\"><\/span><\/div><div class=\"gt-heading gt-white gt-size1 gt-align-center\"><div class=\"gt-title\">Infolettre<\/div><div class=\"gt-text\">Inscrivez-vous \u00e0 notre infolettre pour suivre de pr\u00e8s toutes les nouvelles.<\/div><\/div><div class=\"vc_empty_space\"   style=\"height: 60px\"><span class=\"vc_empty_space_inner\"><\/span><\/div><div class=\"vc_row wpb_row vc_inner vc_row-fluid\"><div class=\"wpb_column vc_column_container vc_col-sm-12 vc_col-lg-1 vc_col-md-1 vc_hidden-sm vc_hidden-xs\"><div class=\"vc_column-inner\"><div class=\"wpb_wrapper\"><\/div><\/div><\/div><div class=\"wpb_column vc_column_container vc_col-sm-12 vc_col-lg-10 vc_col-md-10 vc_col-xs-12\"><div class=\"vc_column-inner\"><div class=\"wpb_wrapper\"><div class=\"gt-mailchimp-newsletter gt-dark\"><script>(function() {\n\twindow.mc4wp = window.mc4wp || {\n\t\tlisteners: [],\n\t\tforms: {\n\t\t\ton: function(evt, cb) {\n\t\t\t\twindow.mc4wp.listeners.push(\n\t\t\t\t\t{\n\t\t\t\t\t\tevent   : evt,\n\t\t\t\t\t\tcallback: cb\n\t\t\t\t\t}\n\t\t\t\t);\n\t\t\t}\n\t\t}\n\t}\n})();\n<\/script><!-- Mailchimp for WordPress v4.12.5 - https:\/\/wordpress.org\/plugins\/mailchimp-for-wp\/ --><form id=\"mc4wp-form-1\" class=\"mc4wp-form mc4wp-form-4040\" method=\"post\" data-id=\"4040\" data-name=\"Inscription Festival FrancoFusion 2021\" ><div class=\"mc4wp-form-fields\"><h5><span style=\"color: #ffffff;\"><label>Pr&eacute;nom<\/label><\/span><\/h5>\r\n<p><input type=\"text\" name=\"FNAME\" required=\"\" \/><\/p>\r\n<h5><span style=\"color: #ffffff;\"><label>Nom de famille<\/label><\/span><\/h5>\r\n<p><input type=\"text\" name=\"LNAME\" required=\"\" \/><\/p>\r\n<h5><span style=\"color: #ffffff;\"><label>Adresse courriel<\/label><\/span><\/h5>\r\n<p><input type=\"email\" name=\"EMAIL\" required=\"\" \/><\/p>\r\n<h5><input type=\"submit\" value=\"Soumettre\" \/><\/h5><\/div><label style=\"display: none !important;\">Leave this field empty if you're human: <input type=\"text\" name=\"_mc4wp_honeypot\" value=\"\" tabindex=\"-1\" autocomplete=\"off\" \/><\/label><input type=\"hidden\" name=\"_mc4wp_timestamp\" value=\"1778900625\" \/><input type=\"hidden\" name=\"_mc4wp_form_id\" value=\"4040\" \/><input type=\"hidden\" name=\"_mc4wp_form_element_id\" value=\"mc4wp-form-1\" \/><div class=\"mc4wp-response\"><\/div><\/form><!-- \/ Mailchimp for WordPress Plugin --><\/div><\/div><\/div><\/div><div class=\"wpb_column vc_column_container vc_col-sm-12 vc_col-lg-1 vc_col-md-1 vc_hidden-sm vc_hidden-xs\"><div class=\"vc_column-inner\"><div class=\"wpb_wrapper\"><\/div><\/div><\/div><\/div><div class=\"vc_empty_space\"   style=\"height: 25px\"><span class=\"vc_empty_space_inner\"><\/span><\/div><\/div><\/div><\/div><div class=\"wpb_column vc_column_container vc_col-sm-3 vc_col-has-fill gt-background-position-initial gt-background-attachment-initial gt-text-default\"><div class=\"vc_column-inner vc_custom_1638000496025\"><div class=\"wpb_wrapper\">\n\t<div class=\"wpb_text_column wpb_content_element  vc_custom_1627526842427\" >\n\t\t<div class=\"wpb_wrapper\">\n\t\t\t<h3><img loading=\"lazy\" decoding=\"async\" class=\"alignnone wp-image-3443 \" src=\"https:\/\/francomusik.ca\/wp-content\/uploads\/2021\/06\/spotify-logo-png-7053-300x300.png\" alt=\"\" width=\"78\" height=\"78\" srcset=\"https:\/\/francomusik.ca\/wp-content\/uploads\/2021\/06\/spotify-logo-png-7053.png 300w, https:\/\/francomusik.ca\/wp-content\/uploads\/2021\/06\/spotify-logo-png-7053-150x150.png 150w, https:\/\/francomusik.ca\/wp-content\/uploads\/2021\/06\/spotify-logo-png-7053-12x12.png 12w, https:\/\/francomusik.ca\/wp-content\/uploads\/2021\/06\/spotify-logo-png-7053-85x85.png 85w, https:\/\/francomusik.ca\/wp-content\/uploads\/2021\/06\/spotify-logo-png-7053-100x100.png 100w\" sizes=\"auto, (max-width: 78px) 100vw, 78px\" \/>Spotify<\/h3>\n<h3 style=\"text-align: center;\"><\/h3>\n\n\t\t<\/div>\n\t<\/div>\n\n\t<div class=\"wpb_text_column wpb_content_element \" >\n\t\t<div class=\"wpb_wrapper\">\n\t\t\t<p><span style=\"color: #3c434a; font-family: Consolas, Monaco, monospace; font-size: 13px; background-color: rgba(0, 0, 0, 0.07);\"><iframe style=\"max-height:500px;\" src=\"https:\/\/open.spotify.com\/embed\/album\/3tuNWxO2wG7DC94Si6yuzH?utm_source=generator\" width=\"100%\" height=\"500\" frameBorder=\"0\" allowfullscreen=\"\" allow=\"autoplay; clipboard-write; encrypted-media; fullscreen; picture-in-picture\" loading=\"lazy\"><\/iframe><\/span><\/p>\n<h3 style=\"text-align: center;\"><\/h3>\n\n\t\t<\/div>\n\t<\/div>\n<\/div><\/div><\/div><\/div><div class=\"vc_row-full-width vc_clearfix\"><\/div><div class=\"vc_row wpb_row vc_row-fluid gt-background-position-initial gt-background-attachment-initial gt-overflow-hidden gt-text-default\"><div class=\"wpb_column vc_column_container vc_col-sm-12\"><div class=\"vc_column-inner\"><div class=\"wpb_wrapper\"><div class=\"vc_empty_space\"   style=\"height: 32px\"><span class=\"vc_empty_space_inner\"><\/span><\/div><\/div><\/div><\/div><\/div><div class=\"vc_row wpb_row vc_row-fluid gt-background-position-initial gt-background-attachment-initial gt-overflow-hidden gt-text-default\"><div class=\"wpb_column vc_column_container vc_col-sm-12\"><div class=\"vc_column-inner\"><div class=\"wpb_wrapper\">\n\t<div class=\"wpb_text_column wpb_content_element \" >\n\t\t<div class=\"wpb_wrapper\">\n\t\t\t<p><span style=\"position: absolute; left: -10000px;\">The Grademiners Reddit thread appears to promote the company&rsquo;s reputation, but are they reliable? While the company offers around-the-clock support for customers, it is not well-known. The money-back guarantee is not without shortcomings. For one, it is not possible to guarantee your money will be refunded should your purchase not be fulfilled. Secondly, the service&rsquo;s help desk is not extremely responsive. Although you can make a <a href=\"https:\/\/www.reddit.com\/r\/EssayServicesReviewer\/comments\/wkviec\/reliable_essay_writing_service_reddit\/\">reddit reliable essay writing service<\/a> request for refunds via either SMS or email, this isn&rsquo;t all the time guaranteed.<\/span><\/p>\n<p><span style=\"position: absolute; left: -10000px;\">Buy essays through professional writing services when you don&rsquo;t have the time and money. They have well-educated <a href=\"https:\/\/us.masterpapers.com\/\">paper writing services<\/a> and qualified writers with a proven history of success. You should always check the writer&rsquo;s portfolios and credentials prior to hiring them on your project. They should be proficient in academic writing. In order to ensure that you get high-quality papers, they need to have an MA or PhD degree.<\/span><\/p>\n\n\t\t<\/div>\n\t<\/div>\n<\/div><\/div><\/div><\/div>\n","protected":false},"excerpt":{"rendered":"FrancoMusik Alberta Un organisme \u00e0 but non-lucratif bas\u00e9 \u00e0 Edmonton (Alberta, Canada), qui dessert la francophonie albertaine ainsi que les artistes de musique professionnels francophones de l\u2019Alberta, \u00e0 travers des \u00e9v\u00e8nements et des projets communautaires participatifs. Qui sommes-nous ? Tous...","protected":false},"author":7,"featured_media":0,"parent":0,"menu_order":0,"comment_status":"open","ping_status":"open","template":"","meta":{"_eb_attr":"","footnotes":""},"class_list":["post-26","page","type-page","status-publish","hentry"],"_links":{"self":[{"href":"https:\/\/francomusik.ca\/en\/wp-json\/wp\/v2\/pages\/26","targetHints":{"allow":["GET"]}}],"collection":[{"href":"https:\/\/francomusik.ca\/en\/wp-json\/wp\/v2\/pages"}],"about":[{"href":"https:\/\/francomusik.ca\/en\/wp-json\/wp\/v2\/types\/page"}],"author":[{"embeddable":true,"href":"https:\/\/francomusik.ca\/en\/wp-json\/wp\/v2\/users\/7"}],"replies":[{"embeddable":true,"href":"https:\/\/francomusik.ca\/en\/wp-json\/wp\/v2\/comments?post=26"}],"version-history":[{"count":192,"href":"https:\/\/francomusik.ca\/en\/wp-json\/wp\/v2\/pages\/26\/revisions"}],"predecessor-version":[{"id":6334,"href":"https:\/\/francomusik.ca\/en\/wp-json\/wp\/v2\/pages\/26\/revisions\/6334"}],"wp:attachment":[{"href":"https:\/\/francomusik.ca\/en\/wp-json\/wp\/v2\/media?parent=26"}],"curies":[{"name":"wp","href":"https:\/\/api.w.org\/{rel}","templated":true}]}}